{"id":58,"date":"2025-07-30T08:31:16","date_gmt":"2025-07-30T06:31:16","guid":{"rendered":"https:\/\/associations.emblavezconnect.fr\/?page_id=58"},"modified":"2025-08-08T16:00:20","modified_gmt":"2025-08-08T14:00:20","slug":"accueil","status":"publish","type":"page","link":"https:\/\/associations.emblavezconnect.fr\/","title":{"rendered":"Accueil"},"content":{"rendered":"<p>[et_pb_section fb_built=\u00a0\u00bb1&Prime; admin_label=\u00a0\u00bbFeatures\u00a0\u00bb _builder_version=\u00a0\u00bb4.27.4&Prime; _module_preset=\u00a0\u00bbdefault\u00a0\u00bb background_color=\u00a0\u00bbgcid-d214ab81-0383-475f-b48e-2c27b44bd017&Prime; hover_enabled=\u00a0\u00bb0&Prime; collapsed=\u00a0\u00bbon\u00a0\u00bb global_colors_info=\u00a0\u00bb{%22gcid-d214ab81-0383-475f-b48e-2c27b44bd017%22:%91%22background_color%22%93}\u00a0\u00bb title_text=\u00a0\u00bbChamali\u00e8res-sur-Loire_Vue_g\u00e9n\u00e9rale1&Prime; background_enable_image=\u00a0\u00bboff\u00a0\u00bb sticky_enabled=\u00a0\u00bb0&Prime;][et_pb_row _builder_version=\u00a0\u00bb4.27.4&Prime; _module_preset=\u00a0\u00bbdefault\u00a0\u00bb max_width=\u00a0\u00bb1009px\u00a0\u00bb custom_padding=\u00a0\u00bb25px|||||\u00a0\u00bb global_colors_info=\u00a0\u00bb{}\u00a0\u00bb][et_pb_column type=\u00a0\u00bb4_4&Prime; _builder_version=\u00a0\u00bb4.23.1&Prime; _module_preset=\u00a0\u00bbdefault\u00a0\u00bb global_colors_info=\u00a0\u00bb{}\u00a0\u00bb][et_pb_text _builder_version=\u00a0\u00bb4.27.4&Prime; _module_preset=\u00a0\u00bba635e02e-20c6-4881-b85b-d51938bb1e05&Prime; text_orientation=\u00a0\u00bbcenter\u00a0\u00bb hover_enabled=\u00a0\u00bb0&Prime; global_colors_info=\u00a0\u00bb{}\u00a0\u00bb sticky_enabled=\u00a0\u00bb0&Prime; header_2_font_size=\u00a0\u00bb51px\u00a0\u00bb]<\/p>\n<h2>Bienvenue sur Emblavez Association !<\/h2>\n<p>[\/et_pb_text][et_pb_text _builder_version=\u00a0\u00bb4.27.4&Prime; _module_preset=\u00a0\u00bbdefault\u00a0\u00bb header_3_font=\u00a0\u00bb||||on||||\u00a0\u00bb hover_enabled=\u00a0\u00bb0&Prime; sticky_enabled=\u00a0\u00bb0&Prime;]<\/p>\n<h3>Vous cherchez une occupation pour ce Week-End ?\u00a0<\/h3>\n<p>[\/et_pb_text][et_pb_text _builder_version=\u00a0\u00bb4.27.4&Prime; _module_preset=\u00a0\u00bbdefault\u00a0\u00bb header_3_font=\u00a0\u00bb||||||||\u00a0\u00bb hover_enabled=\u00a0\u00bb0&Prime; sticky_enabled=\u00a0\u00bb0&Prime;]<\/p>\n<h3>Vous \u00eates au bon endroit !<\/h3>\n<p>[\/et_pb_text][et_pb_text _builder_version=\u00a0\u00bb4.27.4&Prime; _module_preset=\u00a0\u00bbdefault\u00a0\u00bb hover_enabled=\u00a0\u00bb0&Prime; sticky_enabled=\u00a0\u00bb0&Prime;]<\/p>\n<p>Pour rechercher toutes les associations recens\u00e9es dans vos communes,<br data-start=\"207\" data-end=\"210\" \/>et d\u00e9couvrir les \u00e9v\u00e9nements organis\u00e9s par les associations de l\u2019Emblavez.<br data-start=\"312\" data-end=\"315\" \/>Ce site permet \u00e0 nous, les habitants de l&rsquo;Emblavez, de savoir o\u00f9 passer de bons moments\u2026<br data-start=\"391\" data-end=\"394\" \/>et surtout, de ne rien rater !<\/p>\n<p>[\/et_pb_text][\/et_pb_column][\/et_pb_row][\/et_pb_section][et_pb_section fb_built=\u00a0\u00bb1&Prime; _builder_version=\u00a0\u00bb4.27.4&Prime; _module_preset=\u00a0\u00bbdefault\u00a0\u00bb background_color=\u00a0\u00bbgcid-secondary-color\u00a0\u00bb hover_enabled=\u00a0\u00bb0&Prime; global_colors_info=\u00a0\u00bb{%22gcid-secondary-color%22:%91%22background_color%22%93}\u00a0\u00bb custom_padding=\u00a0\u00bb||41px|||\u00a0\u00bb min_height=\u00a0\u00bb1100px\u00a0\u00bb max_height=\u00a0\u00bb1100px\u00a0\u00bb sticky_enabled=\u00a0\u00bb0&Prime;][et_pb_row _builder_version=\u00a0\u00bb4.27.4&Prime; _module_preset=\u00a0\u00bbdefault\u00a0\u00bb max_width=\u00a0\u00bb800px\u00a0\u00bb min_height=\u00a0\u00bb287.6px\u00a0\u00bb global_colors_info=\u00a0\u00bb{}\u00a0\u00bb][et_pb_column type=\u00a0\u00bb4_4&Prime; _builder_version=\u00a0\u00bb4.23.1&Prime; _module_preset=\u00a0\u00bbdefault\u00a0\u00bb global_colors_info=\u00a0\u00bb{}\u00a0\u00bb][et_pb_text _builder_version=\u00a0\u00bb4.27.4&Prime; _module_preset=\u00a0\u00bba635e02e-20c6-4881-b85b-d51938bb1e05&Prime; text_orientation=\u00a0\u00bbcenter\u00a0\u00bb custom_margin=\u00a0\u00bb||10px||false|false\u00a0\u00bb hover_enabled=\u00a0\u00bb0&Prime; global_colors_info=\u00a0\u00bb{}\u00a0\u00bb sticky_enabled=\u00a0\u00bb0&Prime;]<\/p>\n<h2>Le Forum des Associations 2025<\/h2>\n<p>[\/et_pb_text][et_pb_text _builder_version=\u00a0\u00bb4.27.4&Prime; _module_preset=\u00a0\u00bb8267670f-8a41-42ee-9593-9e586b4c673a\u00a0\u00bb text_font=\u00a0\u00bb|600|||||||\u00a0\u00bb text_text_color=\u00a0\u00bb#000000&Prime; text_orientation=\u00a0\u00bbcenter\u00a0\u00bb global_colors_info=\u00a0\u00bb{}\u00a0\u00bb]<\/p>\n<p>Habituellement organis\u00e9 au Centre Aqua Passion de Lavo\u00fbte-sur-Loire, le Forum des associations se tiendra exceptionnellement cette ann\u00e9e au stand de tir de Beaulieu. Il s\u2019associera \u00e0 un autre grand \u00e9v\u00e9nement, organis\u00e9 en parall\u00e8le par le club de gym de l\u2019Emblavez. En effet, le 13 septembre, un <a href=\"https:\/\/hyroxfrance.com\/fr\/\">Hirox<\/a> rassemblera plus de 130 participants d\u00e9j\u00e0 inscrits pour une journ\u00e9e sportive intense.<\/p>\n<p>[\/et_pb_text][\/et_pb_column][\/et_pb_row][et_pb_row column_structure=\u00a0\u00bb1_2,1_2&Prime; _builder_version=\u00a0\u00bb4.27.4&Prime; _module_preset=\u00a0\u00bbdefault\u00a0\u00bb custom_padding=\u00a0\u00bb25px|||||\u00a0\u00bb hover_enabled=\u00a0\u00bb0&Prime; global_colors_info=\u00a0\u00bb{}\u00a0\u00bb min_height=\u00a0\u00bb555px\u00a0\u00bb sticky_enabled=\u00a0\u00bb0&Prime;][et_pb_column type=\u00a0\u00bb1_2&Prime; _builder_version=\u00a0\u00bb4.27.4&Prime; _module_preset=\u00a0\u00bbdefault\u00a0\u00bb global_colors_info=\u00a0\u00bb{}\u00a0\u00bb][et_pb_text _builder_version=\u00a0\u00bb4.27.4&Prime; _module_preset=\u00a0\u00bbdefault\u00a0\u00bb text_font=\u00a0\u00bb|600|||||||\u00a0\u00bb text_text_color=\u00a0\u00bb#000000&Prime; global_colors_info=\u00a0\u00bb{}\u00a0\u00bb]<\/p>\n<p>O\u00f9 : Au Stand de Tir de Beaulieu<\/p>\n<p>[\/et_pb_text][et_pb_text _builder_version=\u00a0\u00bb4.27.4&Prime; _module_preset=\u00a0\u00bbdefault\u00a0\u00bb text_font=\u00a0\u00bb|600|||||||\u00a0\u00bb text_text_color=\u00a0\u00bb#000000&Prime; global_colors_info=\u00a0\u00bb{}\u00a0\u00bb]<\/p>\n<p>Adresse : <span>2460 Route de Jabruzac \u2013 43800 BEAULIEU<\/span><\/p>\n<p>[\/et_pb_text][et_pb_text _builder_version=\u00a0\u00bb4.27.4&Prime; _module_preset=\u00a0\u00bbdefault\u00a0\u00bb text_font=\u00a0\u00bb|600|||||||\u00a0\u00bb text_text_color=\u00a0\u00bb#000000&Prime; global_colors_info=\u00a0\u00bb{}\u00a0\u00bb]<\/p>\n<p>Les Associations pr\u00e9sentes : Le stand de tir, le club de Badminton, du Viet Vo Dao, de la peinture sur soie, les deux cybers de l&#8217;emblavez, du Ninjutsu, les diff\u00e9rents clubs de Danse, le club de Tennis de Vorey, des associations de bien \u00eatre.<\/p>\n<p>[\/et_pb_text][\/et_pb_column][et_pb_column type=\u00a0\u00bb1_2&Prime; _builder_version=\u00a0\u00bb4.27.4&Prime; _module_preset=\u00a0\u00bbdefault\u00a0\u00bb global_colors_info=\u00a0\u00bb{}\u00a0\u00bb][et_pb_image src=\u00a0\u00bbhttps:\/\/associations.emblavezconnect.fr\/wp-content\/uploads\/2025\/08\/flyers-forum-des-associations.jpg\u00a0\u00bb _builder_version=\u00a0\u00bb4.27.4&Prime; _module_preset=\u00a0\u00bbdefault\u00a0\u00bb title_text=\u00a0\u00bbflyers forum des associations\u00a0\u00bb max_height=\u00a0\u00bb600px\u00a0\u00bb hover_enabled=\u00a0\u00bb0&Prime; sticky_enabled=\u00a0\u00bb0&Prime;][\/et_pb_image][\/et_pb_column][\/et_pb_row][\/et_pb_section][et_pb_section fb_built=\u00a0\u00bb1&Prime; admin_label=\u00a0\u00bbHeader\u00a0\u00bb _builder_version=\u00a0\u00bb4.27.4&Prime; _module_preset=\u00a0\u00bbdefault\u00a0\u00bb background_color=\u00a0\u00bbgcid-d214ab81-0383-475f-b48e-2c27b44bd017&Prime; overflow-x=\u00a0\u00bbhidden\u00a0\u00bb overflow-y=\u00a0\u00bbhidden\u00a0\u00bb collapsed=\u00a0\u00bbon\u00a0\u00bb global_colors_info=\u00a0\u00bb{%22gcid-d214ab81-0383-475f-b48e-2c27b44bd017%22:%91%22background_color%22%93}\u00a0\u00bb][et_pb_row column_structure=\u00a0\u00bb1_2,1_2&Prime; make_equal=\u00a0\u00bbon\u00a0\u00bb _builder_version=\u00a0\u00bb4.27.4&Prime; _module_preset=\u00a0\u00bbdefault\u00a0\u00bb width=\u00a0\u00bb100%\u00a0\u00bb module_alignment=\u00a0\u00bbcenter\u00a0\u00bb custom_margin=\u00a0\u00bb|396px||107px||\u00a0\u00bb custom_padding=\u00a0\u00bb25px|0px||||\u00a0\u00bb global_colors_info=\u00a0\u00bb{}\u00a0\u00bb][et_pb_column type=\u00a0\u00bb1_2&Prime; _builder_version=\u00a0\u00bb4.23.1&Prime; _module_preset=\u00a0\u00bbdefault\u00a0\u00bb z_index=\u00a0\u00bb10&Prime; global_colors_info=\u00a0\u00bb{}\u00a0\u00bb][et_pb_text _builder_version=\u00a0\u00bb4.27.4&Prime; _module_preset=\u00a0\u00bbd219eba0-dc00-48bd-ac2e-5d8217332eb8&Prime; custom_margin=\u00a0\u00bb||10px||false|false\u00a0\u00bb global_colors_info=\u00a0\u00bb{}\u00a0\u00bb]<\/p>\n<h2>Qu&rsquo;est ce que l&rsquo;Emblavez ?<\/h2>\n<p>[\/et_pb_text][et_pb_text _builder_version=\u00a0\u00bb4.27.4&Prime; _module_preset=\u00a0\u00bbdefault\u00a0\u00bb global_colors_info=\u00a0\u00bb{}\u00a0\u00bb]<\/p>\n<p>Situ\u00e9 au nord-est de la Haute-Loire, l\u2019Emblavez est un territoire de calme et de repos. Vallonn\u00e9 et riche en paysages naturels, il est travers\u00e9 par de nombreuses rivi\u00e8res et fleuves, dont le plus long fleuve de France, qui le parcourt du nord au sud. Fort de son histoire, l\u2019Emblavez est notamment connu pour le ch\u00e2teau de Lavo\u00fbte-Polignac. Compos\u00e9 de onze communes, le territoire b\u00e9n\u00e9ficie \u00e9galement du dynamisme \u00e9conomique de la pr\u00e9fecture de la Haute-Loire, Le Puy-en-Velay, gr\u00e2ce \u00e0 un acc\u00e8s direct.<\/p>\n<p>[\/et_pb_text][et_pb_button button_url=\u00a0\u00bbhttps:\/\/fr.wikipedia.org\/wiki\/Emblavez\u00a0\u00bb button_text=\u00a0\u00bbEn savoir plus\u00a0\u00bb _builder_version=\u00a0\u00bb4.27.4&Prime; _module_preset=\u00a0\u00bb7620fbd2-eccf-4213-a151-59ce1d3ea24e\u00a0\u00bb global_colors_info=\u00a0\u00bb{}\u00a0\u00bb][\/et_pb_button][\/et_pb_column][et_pb_column type=\u00a0\u00bb1_2&Prime; _builder_version=\u00a0\u00bb4.23.1&Prime; _module_preset=\u00a0\u00bbdefault\u00a0\u00bb global_colors_info=\u00a0\u00bb{}\u00a0\u00bb][et_pb_image src=\u00a0\u00bbhttps:\/\/associations.emblavezconnect.fr\/wp-content\/uploads\/2025\/08\/Chamalieres-sur-Loire_Vue_generale1.jpg\u00a0\u00bb title_text=\u00a0\u00bbChamali\u00e8res-sur-Loire_Vue_g\u00e9n\u00e9rale1&Prime; _builder_version=\u00a0\u00bb4.27.4&Prime; _module_preset=\u00a0\u00bbdefault\u00a0\u00bb global_colors_info=\u00a0\u00bb{}\u00a0\u00bb][\/et_pb_image][\/et_pb_column][\/et_pb_row][\/et_pb_section]<\/p>\n","protected":false},"excerpt":{"rendered":"<p>Bienvenue sur Emblavez Association !Vous cherchez une occupation pour ce Week-End ?\u00a0Vous \u00eates au bon endroit !Pour rechercher toutes les associations recens\u00e9es dans vos communes,et d\u00e9couvrir les \u00e9v\u00e9nements organis\u00e9s par les associations de l\u2019Emblavez.Ce site permet \u00e0 nous, les habitants de l&rsquo;Emblavez, de savoir o\u00f9 passer de bons moments\u2026et surtout, de ne rien rater !Le [&hellip;]<\/p>\n","protected":false},"author":1,"featured_media":0,"parent":0,"menu_order":0,"comment_status":"closed","ping_status":"closed","template":"","meta":{"_et_pb_use_builder":"on","_et_pb_old_content":"<!-- wp:shortcode -->\n[associations]\n<!-- \/wp:shortcode -->\n\n<!-- wp:paragraph -->\n<p><\/p>\n<!-- \/wp:paragraph -->","_et_gb_content_width":"","footnotes":""},"class_list":["post-58","page","type-page","status-publish","hentry"],"jetpack_sharing_enabled":true,"_links":{"self":[{"href":"https:\/\/associations.emblavezconnect.fr\/index.php\/wp-json\/wp\/v2\/pages\/58","targetHints":{"allow":["GET"]}}],"collection":[{"href":"https:\/\/associations.emblavezconnect.fr\/index.php\/wp-json\/wp\/v2\/pages"}],"about":[{"href":"https:\/\/associations.emblavezconnect.fr\/index.php\/wp-json\/wp\/v2\/types\/page"}],"author":[{"embeddable":true,"href":"https:\/\/associations.emblavezconnect.fr\/index.php\/wp-json\/wp\/v2\/users\/1"}],"replies":[{"embeddable":true,"href":"https:\/\/associations.emblavezconnect.fr\/index.php\/wp-json\/wp\/v2\/comments?post=58"}],"version-history":[{"count":60,"href":"https:\/\/associations.emblavezconnect.fr\/index.php\/wp-json\/wp\/v2\/pages\/58\/revisions"}],"predecessor-version":[{"id":273,"href":"https:\/\/associations.emblavezconnect.fr\/index.php\/wp-json\/wp\/v2\/pages\/58\/revisions\/273"}],"wp:attachment":[{"href":"https:\/\/associations.emblavezconnect.fr\/index.php\/wp-json\/wp\/v2\/media?parent=58"}],"curies":[{"name":"wp","href":"https:\/\/api.w.org\/{rel}","templated":true}]}}